{"id":258,"date":"2018-01-22T10:17:40","date_gmt":"2018-01-22T14:17:40","guid":{"rendered":"http:\/\/alcaldiadajabon.gob.do\/transparencia\/?page_id=258"},"modified":"2025-11-27T18:01:27","modified_gmt":"2025-11-27T22:01:27","slug":"responsable-de-acceso-a-la-informacion","status":"publish","type":"page","link":"https:\/\/ayuntamientodajabon.gob.do\/transparencia\/responsable-de-acceso-a-la-informacion\/","title":{"rendered":"Responsable de Acceso a la Informaci\u00f3n"},"content":{"rendered":"\n<h3>SR:<\/h3>\n\n\n\n<p><strong><mark>JHOEL VALENTIN ESPINAL COL\u00d3N<\/mark><\/strong><\/p>\n\n\n\n<p>Responsable de Acceso a la Informaci\u00f3n P\u00fablica Municipal<\/p>\n\n\n\n<p>Correo<sub><sup>: <\/sup><\/sub><strong>@ayuntamientodajabon.gob.do<\/strong><\/p>\n\n\n\n<p>Contacto:\u00a0809-579-7928<\/p>\n\n\n\n<p>Celular: <strong>(809-267-9250)<\/strong><\/p>\n\n\n\n<p><\/p>\n\n\n\n\n\t\t<style type=\"text\/css\">\n\t\t\t#gallery-1 {\n\t\t\t\tmargin: auto;\n\t\t\t}\n\t\t\t#gallery-1 .gallery-item {\n\t\t\t\tfloat: left;\n\t\t\t\tmargin-top: 10px;\n\t\t\t\ttext-align: center;\n\t\t\t\twidth: 33%;\n\t\t\t}\n\t\t\t#gallery-1 img {\n\t\t\t\tborder: 2px solid #cfcfcf;\n\t\t\t}\n\t\t\t#gallery-1 .gallery-caption {\n\t\t\t\tmargin-left: 0;\n\t\t\t}\n\t\t\t\/* see gallery_shortcode() in wp-includes\/media.php *\/\n\t\t<\/style>\n\t\t<div id='gallery-1' class='gallery galleryid-258 gallery-columns-3 gallery-size-full'><dl class='gallery-item'>\n\t\t\t<dt class='gallery-icon portrait'>\n\t\t\t\t<a href='https:\/\/ayuntamientodajabon.gob.do\/transparencia\/responsable-de-acceso-a-la-informacion\/img_6642\/'><img width=\"639\" height=\"807\" src=\"https:\/\/ayuntamientodajabon.gob.do\/transparencia\/wp-content\/uploads\/2025\/11\/IMG_6642.jpeg\" class=\"attachment-full size-full\" alt=\"\" loading=\"lazy\" srcset=\"https:\/\/ayuntamientodajabon.gob.do\/transparencia\/wp-content\/uploads\/2025\/11\/IMG_6642.jpeg 639w, https:\/\/ayuntamientodajabon.gob.do\/transparencia\/wp-content\/uploads\/2025\/11\/IMG_6642-250x316.jpeg 250w, https:\/\/ayuntamientodajabon.gob.do\/transparencia\/wp-content\/uploads\/2025\/11\/IMG_6642-120x152.jpeg 120w\" sizes=\"(max-width: 639px) 100vw, 639px\" \/><\/a>\n\t\t\t<\/dt><\/dl>\n\t\t\t<br style='clear: both' \/>\n\t\t<\/div>\n\n","protected":false},"excerpt":{"rendered":"SR: JHOEL VALENTIN ESPINAL COL\u00d3N Responsable de Acceso a la Informaci\u00f3n P\u00fablica Municipal Correo: @ayuntamientodajabon.gob.do Contacto:\u00a0809-579-7928 Celular: (809-267-9250)","protected":false},"author":4,"featured_media":0,"parent":0,"menu_order":0,"comment_status":"closed","ping_status":"closed","template":"","meta":[],"acf":[],"_links":{"self":[{"href":"https:\/\/ayuntamientodajabon.gob.do\/transparencia\/wp-json\/wp\/v2\/pages\/258"}],"collection":[{"href":"https:\/\/ayuntamientodajabon.gob.do\/transparencia\/wp-json\/wp\/v2\/pages"}],"about":[{"href":"https:\/\/ayuntamientodajabon.gob.do\/transparencia\/wp-json\/wp\/v2\/types\/page"}],"author":[{"embeddable":true,"href":"https:\/\/ayuntamientodajabon.gob.do\/transparencia\/wp-json\/wp\/v2\/users\/4"}],"replies":[{"embeddable":true,"href":"https:\/\/ayuntamientodajabon.gob.do\/transparencia\/wp-json\/wp\/v2\/comments?post=258"}],"version-history":[{"count":6,"href":"https:\/\/ayuntamientodajabon.gob.do\/transparencia\/wp-json\/wp\/v2\/pages\/258\/revisions"}],"predecessor-version":[{"id":2569,"href":"https:\/\/ayuntamientodajabon.gob.do\/transparencia\/wp-json\/wp\/v2\/pages\/258\/revisions\/2569"}],"wp:attachment":[{"href":"https:\/\/ayuntamientodajabon.gob.do\/transparencia\/wp-json\/wp\/v2\/media?parent=258"}],"curies":[{"name":"wp","href":"https:\/\/api.w.org\/{rel}","templated":true}]}}